{"id":1060,"date":"2024-10-05T21:12:05","date_gmt":"2024-10-05T21:12:05","guid":{"rendered":"https:\/\/biblialubelska.pl\/?page_id=1060"},"modified":"2026-01-27T07:40:56","modified_gmt":"2026-01-27T07:40:56","slug":"o-biblii","status":"publish","type":"page","link":"https:\/\/biblialubelska.pl\/","title":{"rendered":""},"content":{"rendered":"\n<p><strong>Stary Testament<\/strong><\/p>\n\n\n\n<ol class=\"wp-block-list\">\n<li><strong><em>Ksi\u0119ga Kap\u0142a\u0144ska<\/em><\/strong>&nbsp;(Antoni Tronina, 2021) (<a href=\"https:\/\/dlibra.kul.pl\/dlibra\/publication\/77636\/edition\/69543\" target=\"_blank\" rel=\"noreferrer noopener\"><strong>PDF<\/strong><\/a>)<\/li>\n\n\n\n<li><strong><em>Ksi\u0119ga Powt\u00f3rzonego Prawa<\/em><\/strong>&nbsp;(Janusz Lema\u0144ski, 2022) (<a href=\"https:\/\/dlibra.kul.pl\/dlibra\/publication\/77600\/edition\/69514\" target=\"_blank\" rel=\"noreferrer noopener\"><strong>PDF<\/strong><\/a>)<\/li>\n\n\n\n<li><strong><em>Pierwsza i Druga Ksi\u0119gi Kronik<\/em><\/strong>&nbsp;(Hugolin Langkammer, 2001) (<a href=\"https:\/\/dlibra.kul.pl\/dlibra\/publication\/77378\/edition\/69168\" target=\"_blank\" rel=\"noreferrer noopener\"><strong>PDF<\/strong><\/a>)<\/li>\n\n\n\n<li><strong><em>Ezdrasza i Nehemiasza<\/em><\/strong>&nbsp;(Hugolin Langkammer, 2000) (<a href=\"https:\/\/dlibra.kul.pl\/dlibra\/publication\/77599\/edition\/69512\" target=\"_blank\" rel=\"noreferrer noopener\"><strong>PDF<\/strong><\/a>)<\/li>\n\n\n\n<li><strong><em>Ksi\u0119ga Tobiasza, Ksi\u0119ga Judyty, Ksi\u0119ga Estery<\/em><\/strong>&nbsp;(Antoni Tronina, 2001) (<a href=\"https:\/\/dlibra.kul.pl\/dlibra\/publication\/77646\/edition\/69564\" target=\"_blank\" rel=\"noreferrer noopener\"><strong>PDF<\/strong><\/a>)<\/li>\n\n\n\n<li><strong><em>Pierwsza i Druga Ksi\u0119ga Machabejska<\/em><\/strong>&nbsp;(J\u00f3zef Homerski, 2001) (<a href=\"https:\/\/dlibra.kul.pl\/dlibra\/publication\/77374\/edition\/69165\" target=\"_blank\" rel=\"noreferrer noopener\"><strong>PDF<\/strong><\/a>)<\/li>\n\n\n\n<li><strong><em>Ksi\u0119ga Hioba<\/em><\/strong>&nbsp;(Antoni Tronina, 2021) (<a href=\"https:\/\/dlibra.kul.pl\/dlibra\/publication\/77633\/edition\/69540\" target=\"_blank\" rel=\"noreferrer noopener\"><strong>PDF<\/strong><\/a>)<\/li>\n\n\n\n<li><em><strong>Ksi\u0119ga Psalm\u00f3w<\/strong>&nbsp;<\/em>(Antoni Tronina, 2021) (<a href=\"https:\/\/dlibra.kul.pl\/dlibra\/publication\/77650\/edition\/69567\" target=\"_blank\" rel=\"noreferrer noopener\"><strong>PDF<\/strong><\/a>)<\/li>\n\n\n\n<li><em><strong>Pie\u015bni nad Pie\u015bniami<\/strong><\/em> (Krzysztof Bardski, 2024) (<a href=\"https:\/\/dlibra.kul.pl\/dlibra\/publication\/79251\/edition\/71039\" target=\"_blank\" rel=\"noreferrer noopener\"><strong>PDF<\/strong><\/a>)<\/li>\n\n\n\n<li><strong><em>Ksi\u0119ga M\u0105dro\u015bci<\/em><\/strong>&nbsp;(Marcin Zieli\u0144ski, 2023) (<strong><a href=\"https:\/\/dlibra.kul.pl\/dlibra\/publication\/79584\/edition\/71073\" target=\"_blank\" rel=\"noreferrer noopener\">PDF<\/a><\/strong>)<\/li>\n\n\n\n<li><strong><em>Ksi\u0119ga Syracha <\/em><\/strong>(Andrzej Piwowar, 2024) (<a href=\"https:\/\/dlibra.kul.pl\/dlibra\/publication\/83674\/edition\/74346\" target=\"_blank\" rel=\"noreferrer noopener\"><strong>PDF<\/strong><\/a>)<\/li>\n\n\n\n<li><strong><em>Ksi\u0119ga Izajasza<\/em><\/strong>&nbsp;(Lech Stachowiak, 1991) (<a href=\"https:\/\/dlibra.kul.pl\/dlibra\/publication\/77606\/edition\/69520\" target=\"_blank\" rel=\"noreferrer noopener\"><strong>PDF<\/strong><\/a>)<\/li>\n\n\n\n<li><strong><em>Ksi\u0119ga Jeremiasza<\/em><\/strong>&nbsp;(Lech Stachowiak, 1997) (<a href=\"https:\/\/dlibra.kul.pl\/dlibra\/publication\/77629\/edition\/69536\" target=\"_blank\" rel=\"noreferrer noopener\"><strong>PDF<\/strong><\/a>)<\/li>\n\n\n\n<li><em><strong>Ksi\u0119ga Lamentacji <\/strong><\/em>(Cezary Korzec, 2025)<\/li>\n\n\n\n<li><strong><em>Ksi\u0119ga Ezechiela<\/em><\/strong>&nbsp;(J\u00f3zef Homerski, 1998) (<a href=\"https:\/\/dlibra.kul.pl\/dlibra\/publication\/77373\/edition\/69164\" target=\"_blank\" rel=\"noreferrer noopener\"><strong>PDF<\/strong><\/a>)<\/li>\n\n\n\n<li><strong><em>Ksi\u0119ga Daniela<\/em><\/strong>&nbsp;(J\u00f3zef Homerski, 1995) (<a href=\"https:\/\/dlibra.kul.pl\/dlibra\/publication\/77372\/edition\/69161\" target=\"_blank\" rel=\"noreferrer noopener\"><strong>PDF<\/strong><\/a>)<\/li>\n\n\n\n<li><strong><em>Ksi\u0119ga Jonasza<\/em><\/strong>&nbsp;(Piotr Jaworski, 2022) (<a href=\"https:\/\/dlibra.kul.pl\/dlibra\/publication\/77377\/edition\/69167\" target=\"_blank\" rel=\"noreferrer noopener\"><strong>PDF<\/strong><\/a>)<\/li>\n\n\n\n<li><strong><em>Ksi\u0119ga Habakuka<\/em>&nbsp;<\/strong>(Krystian Malec, 2023) (<a href=\"https:\/\/dlibra.kul.pl\/dlibra\/publication\/78134\/edition\/69877\" target=\"_blank\" rel=\"noreferrer noopener\"><strong>PDF<\/strong><\/a>)<\/li>\n\n\n\n<li><strong><em>Ksi\u0119ga Malachiasza<\/em>&nbsp;<\/strong>(Piotr Jaworski, 2023) (<a href=\"https:\/\/dlibra.kul.pl\/dlibra\/publication\/78133\/edition\/69873\" target=\"_blank\" rel=\"noreferrer noopener\"><strong>PDF<\/strong><\/a>)<\/li>\n<\/ol>\n\n\n\n<p><strong>Nowy Testament<\/strong><\/p>\n\n\n\n<ol start=\"20\" class=\"wp-block-list\">\n<li><strong><em>Ewangelia wed\u0142ug \u015bw. Mateusza&nbsp;<\/em><\/strong>(J\u00f3zef Homerski, 1995, II wyd. 2004) (<a href=\"https:\/\/dlibra.kul.pl\/dlibra\/publication\/78157\/edition\/70001\" target=\"_blank\" rel=\"noreferrer noopener\"><strong>PDF<\/strong><\/a>) <\/li>\n\n\n\n<li><em><strong>Ewangelia wed\u0142ug \u015bw. Marka<\/strong><\/em>&nbsp;(Hugolin Langkammer, 1997, II wyd. 2004) (<a href=\"https:\/\/dlibra.kul.pl\/dlibra\/publication\/78165\/edition\/70049\" target=\"_blank\" rel=\"noreferrer noopener\"><strong>PDF<\/strong><\/a>)<\/li>\n\n\n\n<li><em><strong>Ewangelia wed\u0142ug \u015bw. \u0141ukasza&nbsp;<\/strong><\/em>(Hugolin Langkammer, 2005) (<a href=\"https:\/\/dlibra.kul.pl\/dlibra\/publication\/78166\/edition\/70050\" target=\"_blank\" rel=\"noreferrer noopener\"><strong>PDF<\/strong><\/a>)<\/li>\n\n\n\n<li><em><strong>Ewangelia wed\u0142ug \u015bw. Jana<\/strong>&nbsp;<\/em>(Antoni Paciorek, 2000) (<a href=\"https:\/\/dlibra.kul.pl\/dlibra\/publication\/78160\/edition\/70004\" target=\"_blank\" rel=\"noreferrer noopener\"><strong>PDF<\/strong><\/a>)<\/li>\n\n\n\n<li><em><strong>Dzieje Apostolskie&nbsp;<\/strong><\/em>(Hugolin Langkammer, 2008) (<a href=\"https:\/\/dlibra.kul.pl\/dlibra\/publication\/78909\/edition\/70728\" target=\"_blank\" rel=\"noreferrer noopener\"><strong>PDF<\/strong><\/a>)<\/li>\n\n\n\n<li><em><strong>List do Rzymian&nbsp;<\/strong><\/em>(Hugolin Langkammer, 1999) (<a href=\"https:\/\/dlibra.kul.pl\/dlibra\/publication\/78159\/edition\/70003\" target=\"_blank\" rel=\"noreferrer noopener\"><strong>PDF<\/strong><\/a>)<\/li>\n\n\n\n<li><em><strong>Pierwszy i Drugi List do Koryntian<\/strong>&nbsp;<\/em>(Hugolin Langkammer, 1998) (<a href=\"https:\/\/dlibra.kul.pl\/dlibra\/publication\/78915\/edition\/70738\" target=\"_blank\" rel=\"noreferrer noopener\"><strong>PDF<\/strong><\/a>)<\/li>\n\n\n\n<li><em><strong>List do Galat\u00f3w<\/strong>&nbsp;<\/em>(Hugolin Langkammer, 1999) (<a href=\"https:\/\/dlibra.kul.pl\/dlibra\/publication\/78158\/edition\/70002\" target=\"_blank\" rel=\"noreferrer noopener\"><strong>PDF<\/strong><\/a>)<\/li>\n\n\n\n<li><em><strong>List do Efezjan&nbsp;<\/strong><\/em>(Hugolin Langkammer, 2001) (<a href=\"https:\/\/dlibra.kul.pl\/dlibra\/publication\/78161\/edition\/70005\" target=\"_blank\" rel=\"noreferrer noopener\"><strong>PDF<\/strong><\/a>)<\/li>\n\n\n\n<li><em><strong>List do Filipian&nbsp;<\/strong><\/em>(Hugolin Langkammer, 2001) (<a href=\"https:\/\/dlibra.kul.pl\/dlibra\/publication\/78162\/edition\/70037https:\/\/dlibra.kul.pl\/dlibra\/publication\/78162\/edition\/70037\" target=\"_blank\" rel=\"noreferrer noopener\"><strong>PDF<\/strong><\/a>)<\/li>\n\n\n\n<li><em><strong>List do Kolosan&nbsp;<\/strong><\/em>(Hugolin Langkammer, 2002) (<a href=\"https:\/\/dlibra.kul.pl\/dlibra\/publication\/78163\/edition\/70038\" target=\"_blank\" rel=\"noreferrer noopener\"><strong>PDF<\/strong><\/a>)<\/li>\n\n\n\n<li><em><strong>Pierwszy i Drugi List do Tesaloniczan&nbsp;<\/strong><\/em>(Hugolin Langkammer, 2008) (<strong><a href=\"https:\/\/dlibra.kul.pl\/dlibra\/publication\/78910\/edition\/70729\" target=\"_blank\" rel=\"noreferrer noopener\">PDF<\/a><\/strong>)<\/li>\n\n\n\n<li><em><strong>List Pasterskie (1 Tm, 2 Tm, Tt)&nbsp;<\/strong><\/em>(Hugolin Langkammer, 2006) (<strong><a href=\"https:\/\/dlibra.kul.pl\/dlibra\/publication\/78911\/edition\/70731\" target=\"_blank\" rel=\"noreferrer noopener\">PDF<\/a><\/strong>)<\/li>\n\n\n\n<li><em><strong>List do Filemona&nbsp;<\/strong><\/em>(Hugolin Langkammer, 2003) (<a href=\"https:\/\/dlibra.kul.pl\/dlibra\/publication\/78164\/edition\/70043\" target=\"_blank\" rel=\"noreferrer noopener\"><strong>PDF<\/strong><\/a>)<\/li>\n\n\n\n<li><strong><em>List do Hebrajczyk\u00f3w&nbsp;<\/em><\/strong>(Antoni Paciorek, 1998) (<a href=\"https:\/\/dlibra.kul.pl\/dlibra\/publication\/78912\/edition\/70735\" target=\"_blank\" rel=\"noreferrer noopener\"><strong>PDF<\/strong><\/a>)<\/li>\n\n\n\n<li><em><strong>Listy Katolickie (Jk, 1 P, 2 P, Jud<\/strong><\/em><strong>)&nbsp;<\/strong>(Hugolin Langkammer, 2016) (<a href=\"https:\/\/dlibra.kul.pl\/dlibra\/publication\/78913\/edition\/70736\" target=\"_blank\" rel=\"noreferrer noopener\"><strong>PDF<\/strong><\/a>)<\/li>\n\n\n\n<li><em><strong>Apokalipsa&nbsp;<\/strong><\/em>(Huglin Langkammer, Jan Klinkowski, 2010) (<a href=\"https:\/\/dlibra.kul.pl\/dlibra\/publication\/78914\/edition\/70737\" target=\"_blank\" rel=\"noreferrer noopener\"><strong>PDF<\/strong><\/a>)<\/li>\n<\/ol>\n\n\n\n<p><br><strong>S\u0142\u00f3w kilka na temat Biblii Lubelskiej<\/strong><\/p>\n\n\n\n<p><strong>Biblia Lubelska<\/strong>\u00a0jest przek\u0142adem Pisma \u015awi\u0119tego z j\u0119zyk\u00f3w oryginalnych dokonywanym w \u015brodowisku szko\u0142y biblijnej\u00a0Katolickiego Uniwersytetu Lubelskiego Jana Paw\u0142a II. Od roku 1991 do 2016 ukaza\u0142o si\u0119 25 zeszyt\u00f3w, a w latach 2021-25 nast\u0119pnych jedena\u015bcie, sk\u0142adaj\u0105cych si\u0119 na kolejne komentarze do ksi\u0105g Biblii. W sumie opublikowano 17 tom\u00f3w dla NT oraz 19 dla ST. Na chwil\u0119 obecn\u0105 (2025) przet\u0142umaczono i skomentowano 23 ksi\u0119gi ST, czyli 50% ST oraz 24 ksi\u0119gi NT (89%). W NT brakuje jedynie trzech <em>List\u00f3w Janowych<\/em>.<\/p>\n\n\n\n<p>Pierwszymi redaktorami byli\u00a0ks. <strong><a href=\"https:\/\/pl.wikipedia.org\/wiki\/Lech_Stachowiak\" target=\"_blank\" rel=\"noreferrer noopener\">Lech Stachowiak<\/a><\/strong>\u00a0(ST) oraz\u00a0ks. <strong><a href=\"https:\/\/pl.wikipedia.org\/wiki\/J%C3%B3zef_Kudasiewicz\" target=\"_blank\" rel=\"noreferrer noopener\">J\u00f3zef Kudasiewicz<\/a><\/strong>\u00a0(NT), a kolejnymi\u00a0ks. <strong><a href=\"https:\/\/pl.wikipedia.org\/wiki\/Antoni_Tronina\" target=\"_blank\" rel=\"noreferrer noopener\">Antoni Tronina<\/a><\/strong>\u00a0(ST) oraz\u00a0ks. <strong><a href=\"https:\/\/pl.wikipedia.org\/wiki\/Antoni_Paciorek\" target=\"_blank\" rel=\"noreferrer noopener\">Antoni Paciorek<\/a><\/strong>\u00a0(NT). W 2020 r. redaktorem serii przek\u0142ad\u00f3w i komentarzy Biblii Lubelskiej zosta\u0142 ks.\u00a0<strong><a href=\"https:\/\/www.kul.pl\/ks-dr-hab-adam-kubis,art_40104.html\" target=\"_blank\" rel=\"noreferrer noopener\">Adam Kubi\u015b<\/a><\/strong>.<\/p>\n\n\n\n<p>Tomy starsze wywodz\u0105 si\u0119 z tradycji komentarzy popularnie zwanych&nbsp;\u201e<strong><a href=\"https:\/\/pl.wikipedia.org\/wiki\/Pismo_%C5%9Awi%C4%99te_Starego_i_Nowego_Testamentu_%E2%80%93_komentarze_KUL\" target=\"_blank\" rel=\"noreferrer noopener\">Komentarzami KUL-owskimi<\/a><\/strong>\u201d, czyli naukowych edycji Starego i&nbsp;Nowego Testamentu powsta\u0142ych pod kierunkiem lubelskiej szko\u0142y biblijnej, ukazuj\u0105cych si\u0119 od 1958 do 2020 r. nak\u0142adem wydawnictwa Pallottinum. W por\u00f3wnaniu do tej serii komentarzy, profil komentarzy <strong>Biblii Lubelskiej<\/strong> jest bardziej popularnonaukowy. <\/p>\n\n\n\n<p>Poszczeg\u00f3lne zeszyty&nbsp;<strong>Biblii Lubelskiej<\/strong>&nbsp;zawieraj\u0105 informacje wst\u0119pne o ksi\u0119dze (np. autor, czas i miejsce powstania, tekst, kanoniczno\u015b\u0107, struktura, t\u0142o historyczno-kulturowe, teologia), t\u0142umaczenie (zwykle jednej, dw\u00f3ch lub trzech ksi\u0105g), referencje do biblijnych tekst\u00f3w paralelnych, komentarz \u2013 eksponowany r\u00f3wnolegle z tekstem biblijnym. Niekt\u00f3re tomy zawieraj\u0105 tak\u017ce przedmow\u0119, ekskursy tematyczne i bibliografi\u0119. <\/p>\n\n\n\n<p>Inicjatorem powstania <strong>Biblii Lubelskiej<\/strong> by\u0142 rektor KUL,&nbsp;<a href=\"https:\/\/pl.wikipedia.org\/wiki\/Mieczys%C5%82aw_Albert_Kr%C4%85piec\" target=\"_blank\" rel=\"noreferrer noopener\">o.&nbsp;<strong>Mieczys\u0142aw Albert Maria Kr\u0105piec<\/strong>&nbsp;<strong>OP<\/strong><\/a>, zainspirowany sukcesem&nbsp;<a href=\"https:\/\/pl.wikipedia.org\/wiki\/Biblia_jerozolimska\" target=\"_blank\" rel=\"noreferrer noopener\"><em>La Bible de J\u00e9rusalem<\/em>&nbsp;(Biblii Jerozolimskiej)<\/a>&nbsp;wydawanej przez dominika\u0144sk\u0105 szko\u0142\u0119 biblijn\u0105 z Jerozolimy (<a href=\"https:\/\/pl.wikipedia.org\/wiki\/Francuska_Szko%C5%82a_Biblijna_i_Archeologiczna_w_Jerozolimie\" target=\"_blank\" rel=\"noreferrer noopener\">\u00c9cole biblique et arch\u00e9ologique fran\u00e7aise de J\u00e9rusalem<\/a>). Jako pierwszy tom Biblii Lubelskiej ukaza\u0142 si\u0119 przek\u0142ad i komentarz do Ksi\u0119gi Izajasza, autorstwa ks. Lecha Stachowiaka. Nak\u0142ad wynosi\u0142 10 tys. egzemplarzy. Do sk\u0142adu zeszyt oddano w sierpniu 1988 r., a druk uko\u0144czono w kwietniu 1991 r. Imprimatur, wydane przez bp. Ryszarda Karpi\u0144skiego, \u00f3wczesnego wikariusza generalnego diecezji lubelskiej, tom otrzyma\u0142 12 X 1990 r. Komentarz do Ewangelii Mateusza doczeka\u0142 si\u0119 dw\u00f3ch wyda\u0144: pierwszego w 1995 r. (nak\u0142ad 5000 egz.) i drugiego w 2004 r.<\/p>\n\n\n\n<p>Dotychczas ukaza\u0142o si\u0119 34 tomy przek\u0142adu i komentarza <strong>Biblii Lubelskiej<\/strong>. Spo\u015br\u00f3d ksi\u0105g&nbsp;Nowego Testamentu&nbsp;prze\u0142o\u017cono Ewangelie, Dzieje Apostolskie, listy \u015bw. Paw\u0142a, listy katolickie oraz Apokalips\u0119 \u015bw. Jana. Po\u015br\u00f3d komentarzy do NT brakuje jedynie przek\u0142adu i obja\u015bnienia List\u00f3w Janowych. Prze\u0142o\u017cono te\u017c du\u017c\u0105 cz\u0119\u015b\u0107 ksi\u0105g&nbsp;Starego Testamentu. Spis wydanych tom\u00f3w znajduje si\u0119 powy\u017cej.<\/p>\n\n\n\n<p>Dost\u0119p do wersji PDF mo\u017cliwy jest poprzez kolekcj\u0119 \u201eBiblia Lubelska\u201d znajduj\u0105c\u0105 si\u0119 w&nbsp;<strong>Bibliotece Cyfrowej KUL<\/strong>:&nbsp;<a href=\"https:\/\/dlibra.kul.pl\/dlibra\/collectiondescription\/382\" target=\"_blank\" rel=\"noreferrer noopener\"><strong>TUTAJ<\/strong><\/a>.<br>Istnieje mo\u017cliwo\u015b\u0107 zakupu wydrukowanych tom\u00f3w Biblii Lubelskiej poprzez ksi\u0119garni\u0119 internetow\u0105&nbsp;<strong>Wydawnictwa KUL<\/strong>:&nbsp;<a href=\"https:\/\/wydawnictwo.kul.pl\/32-seria-biblia-lubelska\" target=\"_blank\" rel=\"noreferrer noopener\"><strong>TUTAJ<\/strong><\/a>.<\/p>\n\n\n\n<p><\/p>\n","protected":false},"excerpt":{"rendered":"<p>Stary Testament Nowy Testament S\u0142\u00f3w kilka na temat Biblii Lubelskiej Biblia Lubelska\u00a0jest przek\u0142adem Pisma \u015awi\u0119tego z j\u0119zyk\u00f3w oryginalnych dokonywanym w \u015brodowisku szko\u0142y biblijnej\u00a0Katolickiego Uniwersytetu Lubelskiego Jana Paw\u0142a II. Od roku 1991 do 2016 ukaza\u0142o si\u0119 25 zeszyt\u00f3w, a w latach 2021-25 nast\u0119pnych jedena\u015bcie, sk\u0142adaj\u0105cych si\u0119 na kolejne komentarze do ksi\u0105g &hellip;<\/p>\n","protected":false},"author":1,"featured_media":0,"parent":0,"menu_order":0,"comment_status":"closed","ping_status":"closed","template":"","meta":{"footnotes":""},"class_list":["post-1060","page","type-page","status-publish","hentry"],"_links":{"self":[{"href":"https:\/\/biblialubelska.pl\/index.php\/wp-json\/wp\/v2\/pages\/1060","targetHints":{"allow":["GET"]}}],"collection":[{"href":"https:\/\/biblialubelska.pl\/index.php\/wp-json\/wp\/v2\/pages"}],"about":[{"href":"https:\/\/biblialubelska.pl\/index.php\/wp-json\/wp\/v2\/types\/page"}],"author":[{"embeddable":true,"href":"https:\/\/biblialubelska.pl\/index.php\/wp-json\/wp\/v2\/users\/1"}],"replies":[{"embeddable":true,"href":"https:\/\/biblialubelska.pl\/index.php\/wp-json\/wp\/v2\/comments?post=1060"}],"version-history":[{"count":34,"href":"https:\/\/biblialubelska.pl\/index.php\/wp-json\/wp\/v2\/pages\/1060\/revisions"}],"predecessor-version":[{"id":1124,"href":"https:\/\/biblialubelska.pl\/index.php\/wp-json\/wp\/v2\/pages\/1060\/revisions\/1124"}],"wp:attachment":[{"href":"https:\/\/biblialubelska.pl\/index.php\/wp-json\/wp\/v2\/media?parent=1060"}],"curies":[{"name":"wp","href":"https:\/\/api.w.org\/{rel}","templated":true}]}}